{"id":2,"date":"2025-04-21T20:17:42","date_gmt":"2025-04-21T20:17:42","guid":{"rendered":"https:\/\/agencements.net\/psicologia-social-i-2025\/?page_id=2"},"modified":"2025-05-01T19:33:27","modified_gmt":"2025-05-01T23:33:27","slug":"guia","status":"publish","type":"page","link":"https:\/\/agencements.net\/psicologia-social-i-2025\/guia\/","title":{"rendered":"Gu\u00eda"},"content":{"rendered":"\n<h3 class=\"wp-block-heading\">Orientaciones para la nevagaci\u00f3n y escritura en el espacio<\/h3>\n\n\n\n<p>Este es un espacio para la exposici\u00f3n del proceso de composici\u00f3n del an\u00e1lisis de un fen\u00f3meno psicosocial. De acuerdo a las indicaciones y calendario publicados en <a href=\"https:\/\/agencements.net\/psicologia-social-i-2025\/pauta\/\" data-type=\"page\" data-id=\"56\">Pauta<\/a>, se deber\u00e1 publicar avances del proceso de elaboraci\u00f3n de la indagaci\u00f3n te\u00f3rica sobre el problema o din\u00e1mica seleccionada, a trav\u00e9s de entradas en esta p\u00e1gina.<\/p>\n\n\n\n<figure class=\"wp-block-image is-resized\"><img decoding=\"async\" src=\"https:\/\/cerebro.tkdemos.co\/wp-content\/uploads\/2020\/07\/post10b-1024x576.jpg\" alt=\"\" class=\"wp-image-118\" style=\"aspect-ratio:1;width:20px;height:auto\"\/><\/figure>\n\n\n\n<p>Para la generaci\u00f3n de cada entrada, algunas orientaciones son:<\/p>\n\n\n\n<ul class=\"wp-block-list\">\n<li>Empleen recursos fundamentalmente textuales; sin embargo, si corresponde, pueden integrarse tambi\u00e9n recursos visuales y audiovisuales.<\/li>\n\n\n\n<li>Argumenten o definan las ideas, conceptos o perspectivas adoptadas.<\/li>\n\n\n\n<li>Integren citas y referencias, cuando corresponda, empleando para ello el formato APA 7a edici\u00f3n. Las <strong>referencias<\/strong> no ser\u00e1n contabilizadas en el total de palabras por entradas.<\/li>\n\n\n\n<li>Integren una <strong>Imagen destacada<\/strong> a cada entrada generada.<\/li>\n\n\n\n<li>No olviden Guardar cada cierto tiempo, para evitar perder sus avances.<\/li>\n\n\n\n<li>No olviden seleccionar la Categor\u00eda que se\u00f1ale la autor\u00eda de la entrada. Para&nbsp;trabajos conjuntos, seleccionen las <strong>categor\u00edas<\/strong> que den cuenta de quienes han participado en la elaboraci\u00f3n de la entrada.<\/li>\n\n\n\n<li>Al mismo tiempo, no olviden seleccionar la <strong>categor\u00eda<\/strong> del fen\u00f3meno que abordan.<\/li>\n\n\n\n<li>Las entradas ser\u00e1n visibles solo cuando sean Publicadas.<\/li>\n\n\n\n<li>Pueden consultar las entradas generadas por autores\/as o fen\u00f3menos, haciendo click en la categor\u00eda correspondiente. Todas las categor\u00edas se encuentran disponibles haciendo click en el <strong>men\u00fa a la derecha de la pantalla<\/strong>. Las categor\u00edas de fen\u00f3menos o problemas, ser\u00e1n visibles solo luego de la creaci\u00f3n de su primera entrada.<\/li>\n<\/ul>\n\n\n\n<figure class=\"wp-block-image size-full\"><img loading=\"lazy\" decoding=\"async\" width=\"2560\" height=\"1329\" src=\"https:\/\/agencements.net\/psicologia-social-i-2025\/wp-content\/uploads\/2025\/04\/3914180924_3b48173801_o-scaled.png\" alt=\"\" class=\"wp-image-102\" srcset=\"https:\/\/agencements.net\/psicologia-social-i-2025\/wp-content\/uploads\/2025\/04\/3914180924_3b48173801_o-scaled.png 2560w, https:\/\/agencements.net\/psicologia-social-i-2025\/wp-content\/uploads\/2025\/04\/3914180924_3b48173801_o-300x156.png 300w, https:\/\/agencements.net\/psicologia-social-i-2025\/wp-content\/uploads\/2025\/04\/3914180924_3b48173801_o-1024x532.png 1024w, https:\/\/agencements.net\/psicologia-social-i-2025\/wp-content\/uploads\/2025\/04\/3914180924_3b48173801_o-768x399.png 768w, https:\/\/agencements.net\/psicologia-social-i-2025\/wp-content\/uploads\/2025\/04\/3914180924_3b48173801_o-1536x797.png 1536w, https:\/\/agencements.net\/psicologia-social-i-2025\/wp-content\/uploads\/2025\/04\/3914180924_3b48173801_o-2048x1063.png 2048w, https:\/\/agencements.net\/psicologia-social-i-2025\/wp-content\/uploads\/2025\/04\/3914180924_3b48173801_o-1200x623.png 1200w, https:\/\/agencements.net\/psicologia-social-i-2025\/wp-content\/uploads\/2025\/04\/3914180924_3b48173801_o-150x78.png 150w\" sizes=\"auto, (max-width: 2560px) 100vw, 2560px\" \/><\/figure>\n\n\n\n<h2 class=\"wp-block-heading\">Respecto al uso de Inteligencia Artificial en las entradas<\/h2>\n\n\n\n<p>El empleo de Inteligencia Artificial est\u00e1 permitido, siempre y cuando se haga expl\u00edcito el modo en que ha sido utilizada. Para ello, al final de cada entrada, si corresponde, deber\u00e1 indicarse la sentencia:<\/p>\n\n\n\n<figure class=\"wp-block-pullquote\"><blockquote><p>Esta entrada ha recurrido a la Inteligencia Artificial para:<\/p><cite><em>[Por ejemplo: revisar redacci\u00f3n, optimizar redacci\u00f3n, b\u00fasqueda de antecedentes, sintetizar antecedentes, generar ideas, resumir textos, generar una estructura, clarificar conceptos]. La validaci\u00f3n y edici\u00f3n del contenido es responsabilidad de las autoras.<\/em><\/cite><\/blockquote><\/figure>\n\n\n\n<p>Toda vez que la IA sea empleada, deber\u00e1 generarse un breve apartado al final de la entrada bajo el subt\u00edtulo <strong>&#8220;Sobre el uso de IA&#8221;<\/strong> en que se integre una breve reflexi\u00f3n sobre las implicancias de su utilizaci\u00f3n en la generaci\u00f3n de la entrada. Todo este texto no ser\u00e1 considerado en el conteo de palabras.<\/p>\n","protected":false},"excerpt":{"rendered":"<p>Orientaciones para la nevagaci\u00f3n y escritura en el espacio Este es un espacio para la exposici\u00f3n del proceso de composici\u00f3n del an\u00e1lisis de un fen\u00f3meno psicosocial. De acuerdo a las indicaciones y calendario publicados en Pauta, se deber\u00e1 publicar avances del proceso de elaboraci\u00f3n de la indagaci\u00f3n te\u00f3rica sobre el problema o din\u00e1mica seleccionada, a&hellip;<\/p>\n","protected":false},"author":1,"featured_media":0,"parent":0,"menu_order":0,"comment_status":"closed","ping_status":"closed","template":"","meta":{"jetpack_post_was_ever_published":false,"footnotes":""},"coauthors":[30],"class_list":["post-2","page","type-page","status-publish","hentry"],"jetpack_sharing_enabled":true,"_links":{"self":[{"href":"https:\/\/agencements.net\/psicologia-social-i-2025\/wp-json\/wp\/v2\/pages\/2","targetHints":{"allow":["GET"]}}],"collection":[{"href":"https:\/\/agencements.net\/psicologia-social-i-2025\/wp-json\/wp\/v2\/pages"}],"about":[{"href":"https:\/\/agencements.net\/psicologia-social-i-2025\/wp-json\/wp\/v2\/types\/page"}],"author":[{"embeddable":true,"href":"https:\/\/agencements.net\/psicologia-social-i-2025\/wp-json\/wp\/v2\/users\/1"}],"replies":[{"embeddable":true,"href":"https:\/\/agencements.net\/psicologia-social-i-2025\/wp-json\/wp\/v2\/comments?post=2"}],"version-history":[{"count":12,"href":"https:\/\/agencements.net\/psicologia-social-i-2025\/wp-json\/wp\/v2\/pages\/2\/revisions"}],"predecessor-version":[{"id":173,"href":"https:\/\/agencements.net\/psicologia-social-i-2025\/wp-json\/wp\/v2\/pages\/2\/revisions\/173"}],"wp:attachment":[{"href":"https:\/\/agencements.net\/psicologia-social-i-2025\/wp-json\/wp\/v2\/media?parent=2"}],"wp:term":[{"taxonomy":"author","embeddable":true,"href":"https:\/\/agencements.net\/psicologia-social-i-2025\/wp-json\/wp\/v2\/coauthors?post=2"}],"curies":[{"name":"wp","href":"https:\/\/api.w.org\/{rel}","templated":true}]}}