{"id":318,"date":"2025-06-22T22:14:19","date_gmt":"2025-06-23T02:14:19","guid":{"rendered":"https:\/\/agencements.net\/psicologia-social-i-2025\/?page_id=318"},"modified":"2025-06-23T18:06:57","modified_gmt":"2025-06-23T22:06:57","slug":"rubrica-analitica","status":"publish","type":"page","link":"https:\/\/agencements.net\/psicologia-social-i-2025\/rubrica-analitica\/","title":{"rendered":"R\u00fabrica Anal\u00edtica"},"content":{"rendered":"\n<figure class=\"wp-block-table is-style-stripes\"><table class=\"has-fixed-layout\"><thead><tr><th><\/th><th>Excelente<br>(7,0 a 6,0)<\/th><th>Bueno<br>(5,9 a 5,0)<\/th><th>Satisfactorio<br>(4,9 a 4,0)<\/th><th>Deficiente<br>(3,9 a 1,0)<\/th><\/tr><\/thead><tbody><tr><td><strong>Organizaci\u00f3n de ideas (21%)<\/strong>&nbsp;<\/td><td>Ideas se presentan en orden l\u00f3gico. Se organizan con coherencia y fluidez.<\/td><td>Ideas se presentan en orden l\u00f3gico. Manifiestan coherencia, pero falta fluidez o claridad.<\/td><td>Ideas tienen alg\u00fan orden l\u00f3gico. Se expresa coherencia m\u00ednima y escasa fluidez.<\/td><td>Ideas no se presentan en orden l\u00f3gico. No se manifiesta coherencia.<\/td><\/tr><tr><td><strong>Comprehensi\u00f3n (21%)<\/strong><\/td><td>Todas las ideas que se presentan tienen relaci\u00f3n directa y son desarrolladas en forma clara y precisa.<\/td><td>Casi&nbsp;&nbsp;todas las ideas que se presentan tienen relaci\u00f3n directa, no obstante, se requiere mayor precisi\u00f3n y claridad en sus planteamientos.<\/td><td>Se expresa cierta confusi\u00f3n en el manejo y planteamiento de las ideas<\/td><td>Las ideas que se presentan tienen poca o nula relaci\u00f3n. Se tiende a realizar un \u201cpegoteo\u201d de planteamientos sin un hilo conductor que permita su comprensi\u00f3n.<\/td><\/tr><tr><td><strong>Contenido (42%)<\/strong><\/td><td>Genera una aproximaci\u00f3n abarcativa de los temas que se plantea en objetivos o pregunta. Logra presentar una panor\u00e1mica general del tema a discutir y se apoya en literatura y fundamentos de manera pertinente.&nbsp;&nbsp;<\/td><td>Aborda casi todos los temas que plantea en sus objetivos o pregunta a abordar. Se apoya en literatura para fundamentar sus planteamientos, pero no logra desarrollar el tema que se propone.<\/td><td>S\u00f3lo considera parcialmente los temas que se plantea como objetivos o preguntas gu\u00eda. Evidencia un desarrollo superficial, mostrando un manejo regular del tema.&nbsp;<\/td><td>Considera menos del 50% de los temas que se plantea como objetivos o pregunta gu\u00eda. No logra presentar contenidos que apoyen su reflexi\u00f3n y muestra una reflexi\u00f3n desinformada y&nbsp;&nbsp;prejuiciosa del tema.&nbsp;<\/td><\/tr><tr><td><strong>4.&nbsp;&nbsp;&nbsp;&nbsp;&nbsp;Aspectos formales (16%)<\/strong><\/td><td>Cumple con todos los requisitos formales (APA 7\u00aa Edici\u00f3n, ortograf\u00eda, diagramaci\u00f3n, categor\u00edas, imagen destacada)<\/td><td>Cumple casi todos los requisitos formales (APA APA 7\u00aa Edici\u00f3n, ortograf\u00eda, diagramaci\u00f3n)<\/td><td>Descuida aspectos formales de ortograf\u00eda y diagramaci\u00f3n<\/td><td>No muestra preocupaci\u00f3n por mantener aspectos formales<\/td><\/tr><tr><td><strong>Total m\u00e1ximo<\/strong><\/td><td><strong>7,0<\/strong><\/td><td><strong>5,9<\/strong><\/td><td><strong>4,9<\/strong><\/td><td><strong>3,9<\/strong><\/td><\/tr><\/tbody><\/table><\/figure>\n","protected":false},"excerpt":{"rendered":"<p>Excelente(7,0 a 6,0) Bueno(5,9 a 5,0) Satisfactorio(4,9 a 4,0) Deficiente(3,9 a 1,0) Organizaci\u00f3n de ideas (21%)&nbsp; Ideas se presentan en orden l\u00f3gico. Se organizan con coherencia y fluidez. Ideas se presentan en orden l\u00f3gico. Manifiestan coherencia, pero falta fluidez o claridad. Ideas tienen alg\u00fan orden l\u00f3gico. Se expresa coherencia m\u00ednima y escasa fluidez. Ideas no&hellip;<\/p>\n","protected":false},"author":1,"featured_media":0,"parent":0,"menu_order":0,"comment_status":"closed","ping_status":"closed","template":"","meta":{"jetpack_post_was_ever_published":false,"footnotes":""},"coauthors":[30],"class_list":["post-318","page","type-page","status-publish","hentry"],"jetpack_sharing_enabled":true,"_links":{"self":[{"href":"https:\/\/agencements.net\/psicologia-social-i-2025\/wp-json\/wp\/v2\/pages\/318","targetHints":{"allow":["GET"]}}],"collection":[{"href":"https:\/\/agencements.net\/psicologia-social-i-2025\/wp-json\/wp\/v2\/pages"}],"about":[{"href":"https:\/\/agencements.net\/psicologia-social-i-2025\/wp-json\/wp\/v2\/types\/page"}],"author":[{"embeddable":true,"href":"https:\/\/agencements.net\/psicologia-social-i-2025\/wp-json\/wp\/v2\/users\/1"}],"replies":[{"embeddable":true,"href":"https:\/\/agencements.net\/psicologia-social-i-2025\/wp-json\/wp\/v2\/comments?post=318"}],"version-history":[{"count":7,"href":"https:\/\/agencements.net\/psicologia-social-i-2025\/wp-json\/wp\/v2\/pages\/318\/revisions"}],"predecessor-version":[{"id":346,"href":"https:\/\/agencements.net\/psicologia-social-i-2025\/wp-json\/wp\/v2\/pages\/318\/revisions\/346"}],"wp:attachment":[{"href":"https:\/\/agencements.net\/psicologia-social-i-2025\/wp-json\/wp\/v2\/media?parent=318"}],"wp:term":[{"taxonomy":"author","embeddable":true,"href":"https:\/\/agencements.net\/psicologia-social-i-2025\/wp-json\/wp\/v2\/coauthors?post=318"}],"curies":[{"name":"wp","href":"https:\/\/api.w.org\/{rel}","templated":true}]}}