{"id":34,"date":"2025-04-21T21:03:36","date_gmt":"2021-03-09T09:03:37","guid":{"rendered":"https:\/\/agencements.net\/psicologia-social-i-2025\/?page_id=34"},"modified":"2025-04-24T17:03:06","modified_gmt":"2025-04-24T21:03:06","slug":"about-us","status":"publish","type":"page","link":"https:\/\/agencements.net\/psicologia-social-i-2025\/about-us\/","title":{"rendered":"Acerca de"},"content":{"rendered":"\n<h2 class=\"wp-block-heading\">Psicolog\u00eda Social I<\/h2>\n\n\n\n<p>Psicolog\u00eda Social I es un ramo impartido en el plan de estudios de la carrera de Psicolog\u00eda de la Universidad de Santiago de Chile.<\/p>\n\n\n\n<p>Este curso introduce en los debates contempor\u00e1neos sobre la construcci\u00f3n de subjetividades desde una perspectiva psicosocial, abordando c\u00f3mo estas se configuran en relaci\u00f3n con procesos interpretativos, identitarios y condiciones sociohist\u00f3ricas. Desde una perspectiva cr\u00edtica e interdisciplinaria, se enfatiza la comprensi\u00f3n de la interseccionalidad como clave para analizar desigualdades vinculadas a g\u00e9nero, clase, etnicidad y otras dimensiones sociales.<\/p>\n\n\n\n<p>Se compone de tres unidades:<\/p>\n\n\n\n<div class=\"wp-block-columns has-gray-background-color has-background is-layout-flex wp-container-core-columns-is-layout-9d6595d7 wp-block-columns-is-layout-flex\">\n<div class=\"wp-block-column is-layout-flow wp-block-column-is-layout-flow\">\n<h4 class=\"wp-block-heading\"><strong>Unidad I<\/strong><\/h4>\n\n\n\n<p>La construcci\u00f3n de subjetividades sociales: debates y contextos contempor\u00e1neos.<\/p>\n<\/div>\n\n\n\n<div class=\"wp-block-column is-layout-flow wp-block-column-is-layout-flow\">\n<h4 class=\"wp-block-heading\"><strong>Unidad II<\/strong><\/h4>\n\n\n\n<p>Procesos interpretativos e identitarios.<\/p>\n<\/div>\n\n\n\n<div class=\"wp-block-column is-layout-flow wp-block-column-is-layout-flow\">\n<h4 class=\"wp-block-heading\"><strong>Unidad III<\/strong><\/h4>\n\n\n\n<p>Interseccionalidad: identidades y desigualdades sociales (g\u00e9nero, clase social y etnicidad).<\/p>\n<\/div>\n<\/div>\n\n\n<div class=\"wp-block-image\">\n<figure class=\"aligncenter size-full is-resized\"><img loading=\"lazy\" decoding=\"async\" width=\"691\" height=\"862\" src=\"https:\/\/agencements.net\/psicologia-social-i-2025\/wp-content\/uploads\/2025\/04\/IMG_0008-2.jpg\" alt=\"\" class=\"wp-image-43\" style=\"width:500px\" srcset=\"https:\/\/agencements.net\/psicologia-social-i-2025\/wp-content\/uploads\/2025\/04\/IMG_0008-2.jpg 691w, https:\/\/agencements.net\/psicologia-social-i-2025\/wp-content\/uploads\/2025\/04\/IMG_0008-2-240x300.jpg 240w, https:\/\/agencements.net\/psicologia-social-i-2025\/wp-content\/uploads\/2025\/04\/IMG_0008-2-150x187.jpg 150w\" sizes=\"auto, (max-width: 691px) 100vw, 691px\" \/><\/figure>\n<\/div>\n\n\n<h2 class=\"wp-block-heading has-text-align-center\"><strong>Resultados esperados<\/strong><\/h2>\n\n\n\n<p>Al finalizar, las y los estudiantes ser\u00e1n capaces de comprender y aplicar conceptos fundamentales de la psicolog\u00eda social para analizar fen\u00f3menos psicosociales, articulando herramientas te\u00f3ricas con inquietudes propias del contexto actual.<\/p>\n","protected":false},"excerpt":{"rendered":"<p>Psicolog\u00eda Social I Psicolog\u00eda Social I es un ramo impartido en el plan de estudios de la carrera de Psicolog\u00eda de la Universidad de Santiago de Chile. Este curso introduce en los debates contempor\u00e1neos sobre la construcci\u00f3n de subjetividades desde una perspectiva psicosocial, abordando c\u00f3mo estas se configuran en relaci\u00f3n con procesos interpretativos, identitarios y&hellip;<\/p>\n","protected":false},"author":1,"featured_media":0,"parent":0,"menu_order":0,"comment_status":"closed","ping_status":"closed","template":"","meta":{"jetpack_post_was_ever_published":false,"footnotes":""},"coauthors":[],"class_list":["post-34","page","type-page","status-publish","hentry"],"jetpack_sharing_enabled":true,"_links":{"self":[{"href":"https:\/\/agencements.net\/psicologia-social-i-2025\/wp-json\/wp\/v2\/pages\/34","targetHints":{"allow":["GET"]}}],"collection":[{"href":"https:\/\/agencements.net\/psicologia-social-i-2025\/wp-json\/wp\/v2\/pages"}],"about":[{"href":"https:\/\/agencements.net\/psicologia-social-i-2025\/wp-json\/wp\/v2\/types\/page"}],"author":[{"embeddable":true,"href":"https:\/\/agencements.net\/psicologia-social-i-2025\/wp-json\/wp\/v2\/users\/1"}],"replies":[{"embeddable":true,"href":"https:\/\/agencements.net\/psicologia-social-i-2025\/wp-json\/wp\/v2\/comments?post=34"}],"version-history":[{"count":5,"href":"https:\/\/agencements.net\/psicologia-social-i-2025\/wp-json\/wp\/v2\/pages\/34\/revisions"}],"predecessor-version":[{"id":61,"href":"https:\/\/agencements.net\/psicologia-social-i-2025\/wp-json\/wp\/v2\/pages\/34\/revisions\/61"}],"wp:attachment":[{"href":"https:\/\/agencements.net\/psicologia-social-i-2025\/wp-json\/wp\/v2\/media?parent=34"}],"wp:term":[{"taxonomy":"author","embeddable":true,"href":"https:\/\/agencements.net\/psicologia-social-i-2025\/wp-json\/wp\/v2\/coauthors?post=34"}],"curies":[{"name":"wp","href":"https:\/\/api.w.org\/{rel}","templated":true}]}}